{"id":142,"date":"2017-01-23T19:29:55","date_gmt":"2017-01-23T19:29:55","guid":{"rendered":"http:\/\/floriandobler.de\/wp\/?page_id=142"},"modified":"2018-11-18T00:38:34","modified_gmt":"2018-11-18T00:38:34","slug":"info","status":"publish","type":"page","link":"https:\/\/floriandobler.de\/de\/info\/","title":{"rendered":"Kompetenzen"},"content":{"rendered":"<p>[vc_row][vc_column width=&#8220;1\/6&#8243;][vc_single_image image=&#8220;338&#8243; img_size=&#8220;full&#8220; css=&#8220;.vc_custom_1498570817016{padding-top: 0px !important;padding-right: 10% !important;padding-bottom: 0px !important;padding-left: 20% !important;}&#8220;][\/vc_column][vc_column width=&#8220;2\/6&#8243;][vc_column_text]<\/p>\n<h3>Kommunikation im Raum<\/h3>\n<p>Seit \u00fcber zehn Jahren ist mein prim\u00e4res Bet\u00e4tigungsfeld der Raum. Ausstellung, Museum, Messe, Event. Reaktiv, generativ, interaktiv. Mediale Inszenierungen, interaktive Exponate, von der animierten Tapete bis zum Highlightexponat. Vom Konzept bis zur Installation, als Gestalter, Video-Operator und VJ.[\/vc_column_text][\/vc_column][vc_column width=&#8220;1\/6&#8243;][vc_single_image image=&#8220;335&#8243; img_size=&#8220;full&#8220; css=&#8220;.vc_custom_1498570817016{padding-top: 0px !important;padding-right: 10% !important;padding-bottom: 0px !important;padding-left: 20% !important;}&#8220;][\/vc_column][vc_column width=&#8220;2\/6&#8243;][vc_column_text]<\/p>\n<h3>Kreativdirektion &amp; Konzept<\/h3>\n<p>Als Creative Director f\u00fcr digitale Medien entwickle und pr\u00e4sentiere ich Konzepte, gestalte Key Visuals und betreue die Umsetzung von Projekten in Zusammenarbeit mit Designern, Programmieren, Komponisten, Medientechnikern, Exponatebauern, Kundenberatern und nicht zuletzt Kunden. Dabei arbeite ich ganzheitlich, medien\u00fcbergreifend und kundenorientiert.[\/vc_column_text][\/vc_column][\/vc_row][vc_row][vc_column width=&#8220;1\/6&#8243;][vc_single_image image=&#8220;339&#8243; img_size=&#8220;full&#8220; css=&#8220;.vc_custom_1498570817016{padding-top: 0px !important;padding-right: 10% !important;padding-bottom: 0px !important;padding-left: 20% !important;}&#8220;][\/vc_column][vc_column width=&#8220;2\/6&#8243;][vc_column_text]<\/p>\n<h3>Technische Projektleitung<\/h3>\n<p>Ich verf\u00fcge \u00fcber breit gef\u00e4cherte Erfahrung in Bereichen wie Audio- &amp; Videotechnik, interaktiver Systeme, Sensorik und unterschiedlichster Hard- und Softwareplattformen zur Produktion und Pr\u00e4sentation digitaler Inhalte. Dadurch kommuniziere ich effizient mit Spezialisten aus allen Bereichen, erkenne fr\u00fchzeitig Chancen und Risiken und f\u00fchre so auch komplexe Projekte bis zur erfolgreichen Fertigstellung.[\/vc_column_text][\/vc_column][vc_column width=&#8220;1\/6&#8243;][vc_single_image image=&#8220;334&#8243; img_size=&#8220;full&#8220; css=&#8220;.vc_custom_1498570817016{padding-top: 0px !important;padding-right: 10% !important;padding-bottom: 0px !important;padding-left: 20% !important;}&#8220;][\/vc_column][vc_column width=&#8220;2\/6&#8243;][vc_column_text]<\/p>\n<h3>Motion Design &amp; Bewegtbild<\/h3>\n<p>Mit Gesp\u00fcr f\u00fcr \u00c4sthetik, Stil, Timing und Dramaturgie bin ich vielseitig gestaltender Motion Designer f\u00fcr 2D und \u201e2\u00bdD\u201c Animation (mit Cinema 4D komme ich zurecht, aber es ist nicht meine St\u00e4rke). Partikelsystem oder Infografik, Gl\u00fch &amp; Leucht oder Flat Design, brachial oder gef\u00fchlvoll. Erfahrungen als Regisseur (Musikvideo, Kurzfilm, Studio), hinter der Kamera (5D, FS700, 7sII) und als Luftvideograf erg\u00e4nzen mein Profil.[\/vc_column_text][\/vc_column][\/vc_row][vc_row][vc_column width=&#8220;1\/6&#8243;][vc_single_image image=&#8220;336&#8243; img_size=&#8220;full&#8220; css=&#8220;.vc_custom_1498570817016{padding-top: 0px !important;padding-right: 10% !important;padding-bottom: 0px !important;padding-left: 20% !important;}&#8220;][\/vc_column][vc_column width=&#8220;2\/6&#8243;][vc_column_text]<\/p>\n<h3>Interactive &amp; UX<\/h3>\n<p>Als UX-Designer entwickle ich Informationsarchitekturen und Wireframes, f\u00fchre User-Tests durch und gestalte Interfaces. Selten f\u00fcr Mobile Devices, gelegentlich f\u00fcrs Web, haupts\u00e4chlich f\u00fcr interaktive Exponate. Am liebsten verlasse ich dabei klassische Interface-Modelle und erzeuge mit innovativen Ein- und Ausgabeformaten ma\u00dfgeschneiderte Mediensysteme.[\/vc_column_text][\/vc_column][vc_column width=&#8220;1\/6&#8243;][vc_single_image image=&#8220;337&#8243; img_size=&#8220;full&#8220; css=&#8220;.vc_custom_1498570817016{padding-top: 0px !important;padding-right: 10% !important;padding-bottom: 0px !important;padding-left: 20% !important;}&#8220;][\/vc_column][vc_column width=&#8220;2\/6&#8243;][vc_column_text]<\/p>\n<h3>Was ich nicht bin<\/h3>\n<p>Ich bin weder Ingenieur noch Architekt und zeichne keine Pl\u00e4ne, kann sie aber lesen. Ich schreibe Code, bin aber kein Informatiker. Ich bin kein Elektrotechniker, l\u00f6te nur zum Spa\u00df und wei\u00df was ein MOSFET tut, aber nicht wie. Ich bin Musiker, aber kein Komponist. Ich wei\u00df viel \u00fcber einige Themen, und einiges \u00fcber viele weitere, mein Spezialgebiet ist die Vielseitigkeit.[\/vc_column_text][\/vc_column][\/vc_row]<\/p>","protected":false},"excerpt":{"rendered":"<p>[vc_row][vc_column width=&#8220;1\/6&#8243;][vc_single_image image=&#8220;338&#8243; img_size=&#8220;full&#8220; css=&#8220;.vc_custom_1498570817016{padding-top: 0px !important;padding-right: 10% !important;padding-bottom: 0px !important;padding-left: 20% !important;}&#8220;][\/vc_column][vc_column width=&#8220;2\/6&#8243;][vc_column_text] Kommunikation im Raum Seit \u00fcber zehn Jahren ist mein prim\u00e4res Bet\u00e4tigungsfeld der Raum. Ausstellung, Museum, Messe, Event. Reaktiv, generativ, interaktiv. Mediale Inszenierungen, interaktive Exponate, von der animierten Tapete bis zum Highlightexponat. Vom Konzept bis zur Installation, als Gestalter, Video-Operator und VJ.[\/vc_column_text][\/vc_column][vc_column [&hellip;]<\/p>\n","protected":false},"author":3,"featured_media":0,"parent":0,"menu_order":0,"comment_status":"closed","ping_status":"closed","template":"","meta":{"footnotes":""},"class_list":["post-142","page","type-page","status-publish","hentry"],"_links":{"self":[{"href":"https:\/\/floriandobler.de\/de\/wp-json\/wp\/v2\/pages\/142","targetHints":{"allow":["GET"]}}],"collection":[{"href":"https:\/\/floriandobler.de\/de\/wp-json\/wp\/v2\/pages"}],"about":[{"href":"https:\/\/floriandobler.de\/de\/wp-json\/wp\/v2\/types\/page"}],"author":[{"embeddable":true,"href":"https:\/\/floriandobler.de\/de\/wp-json\/wp\/v2\/users\/3"}],"replies":[{"embeddable":true,"href":"https:\/\/floriandobler.de\/de\/wp-json\/wp\/v2\/comments?post=142"}],"version-history":[{"count":46,"href":"https:\/\/floriandobler.de\/de\/wp-json\/wp\/v2\/pages\/142\/revisions"}],"predecessor-version":[{"id":480,"href":"https:\/\/floriandobler.de\/de\/wp-json\/wp\/v2\/pages\/142\/revisions\/480"}],"wp:attachment":[{"href":"https:\/\/floriandobler.de\/de\/wp-json\/wp\/v2\/media?parent=142"}],"curies":[{"name":"wp","href":"https:\/\/api.w.org\/{rel}","templated":true}]}}