{"id":234,"date":"2017-03-11T11:43:06","date_gmt":"2017-03-11T11:43:06","guid":{"rendered":"http:\/\/floriandobler.de\/wp\/?page_id=234"},"modified":"2017-06-28T12:13:50","modified_gmt":"2017-06-28T12:13:50","slug":"arbeiten","status":"publish","type":"page","link":"https:\/\/floriandobler.de\/de\/arbeiten\/","title":{"rendered":"Arbeiten"},"content":{"rendered":"<script type=\"text\/javascript\">(function($){$(document).ready(function($){ \"use strict\";var inc = \"0\";function calculate_portfolio_item_width( $container, columns, guttersize, increament){var step = increament ? increament : 0.1,size = ( $container[0].getBoundingClientRect().width- guttersize)\/ columns - ( guttersize * ( columns - 1)\/ columns)- step;if( ( ( size + guttersize)* columns)< $container[0].getBoundingClientRect().width){inc = 0;return size;} else {inc = inc + 0.2;return calculate_portfolio_item_width( $container, columns, guttersize, inc);}}var $win = $(window),$container = $(\"#ut-portfolio-items-187\"),columns = 3,gutter = \"on\",gutterwidth = \"\",guttersize = \"1\",$sortedItems = \"\";function ut_call_isotope( update){if( $(window).width()> 1024){columns = 3;guttersize = \"1\";} if( $(window).width()<= 1024){columns = 3;guttersize = \"1\";} if( $(window).width()<= 767){columns = 1;guttersize = 1.5;} if( $(window).width()<= 400){guttersize = 1;}if( gutter === \"on\"){$container.children().width( calculate_portfolio_item_width( $container, columns, ( 20 * guttersize), false)).addClass(\"show\");gutterwidth = 20 * guttersize;} else {$container.children().width( Math.floor( $container.width()\/ columns)).addClass(\"show\");gutterwidth = 0;}$container.addClass(\"animated\").isotope({itemSelector : \".ut-masonry\",animationEngine : \"best-available\",resizable: false,layoutMode: \"fitRows\",masonry: { columnWidth: Math.floor( $container[0].getBoundingClientRect().width)\/ columns - gutterwidth },itemPositionDataEnabled: true}).isotope(\"layout\");$container.on( \"arrangeComplete\", function(){$win.trigger(\"scroll\");});}$(window).utresize(function(){ut_call_isotope();}); $(window).load(function(){ut_call_isotope();$sortedItems = $container.data(\"isotope\").$filteredAtoms; $(\"#ut-portfolio-menu-187 a\").each(function( index){var searchforclass = $(this).attr(\"data-filter\");if( !$(searchforclass).length){$(this).hide();}});$(\"#ut-portfolio-menu-187 a\").click(function(){var selector = $(this).attr(\"data-filter\");$container.isotope({ filter: selector });if ( !$(this).hasClass(\"selected\")){$(this).parents(\"#ut-portfolio-menu-187\").find(\".selected\").removeClass(\"selected\");$(this).addClass(\"selected\");}return false;});});});}(jQuery));<\/script><style id=\"ut-portfolio-custom-css-187\" type=\"text\/css\" scoped>.ut-portfolio-187 .ut-portfolio-info-c h3, .ut-portfolio-187 .portfolio-title{font-family:Helvetica, sans-serif;}.ut-portfolio-187 .ut-portfolio-info-c span { font-family: ralewaymedium, \"Helvetica Neue\", Helvetica, Arial, sans-serif;}\n.ut-portfolio-187 .ut-portfolio-info-c h3, .ut-portfolio-187 .portfolio-title { color: #ffee00 ; }.ut-portfolio-187 .ut-portfolio-info-c, .ut-portfolio-187 .ut-portfolio-info-c span { color: #FFFFFF ; }.ut-portfolio-187 .ut-portfolio-info-c { vertical-align: middle ; text-align: center ;}.ut-portfolio-187 .portfolio-style-two .ut-portfolio-info i { text-align: center ;}.ut-portfolio-187 .ut-portfolio-menu li a { font-weight: normal ; }.ut-portfolio-187 .ut-portfolio-menu li a { color: #777777 ; }.ut-portfolio-187 .ut-portfolio-menu li a:hover { color: #333333 ; }.ut-portfolio-187 .ut-portfolio-menu li a:hover { background: #dddddd ; }.ut-portfolio-187 .ut-portfolio-menu li a:hover { border-color: #333333 ; }<\/style><div id=\"ut-loader-187\" class=\"ut-portfolio-detail-loader\"><i class=\"fa fa-refresh fa-spin\"><\/i><\/div><div id=\"ut-portfolio-details-wrap-187\" class=\"ut-portfolio-details-wrap clearfix\"><div id=\"ut-portfolio-details-187\" class=\"inner ut-portfolio-details\"><div class=\"ut-portfolio-details-navigation\"><a class=\"prev-portfolio-details\" data-wrap=\"187\" href=\"#\"><\/a><a class=\"close-portfolio-details\" data-wrap=\"187\" href=\"#\"><\/a><a class=\"next-portfolio-details\" data-wrap=\"187\" href=\"#\"><\/a><\/div><\/div><\/div><div class=\"clear\"><\/div><div id=\"ut-portfolio-wrap\" class=\"ut-portfolio-wrap ut-portfolio-187\" data-textcolor=\"#ffee00\" data-opacity=\"0.7\" data-hovercolor=\"0,0,0\"><a class=\"ut-portfolio-offset-anchor\" style=\"top:-120px;\" id=\"ut-portfolio-items-187-anchor\"><\/a><div class=\"ut-portfolio-menu-wrap\" style=\"text-align:center;\"><ul id=\"ut-portfolio-menu-187\" class=\"ut-portfolio-menu style_one\"><li><a href=\"#\" data-filter=\"*\" class=\"selected\">Alle<\/a><\/li><li><a href=\"#\" data-filter=\".space-filt\">Raum<\/a><\/li><li><a href=\"#\" data-filter=\".motion-filt\">Bewegt<\/a><\/li><li><a href=\"#\" data-filter=\".interactive-filt\">Interaktiv<\/a><\/li><\/ul><\/div><div id=\"ut-portfolio-items-187\" class=\"ut-portfolio-item-container has-gutter guttersize-1\"><article class=\"motion-filt space-filt  ut-masonry gutter gutter-1 portfolio-style-one\"><div class=\"ut-portfolio-item ut-hover\"><a class=\"ut-square \" rel=\"bookmark\" title=\"Bosch Foyer Headquarter Feuerbach\" href=\"https:\/\/floriandobler.de\/de\/work\/bosch-feuerbach\/\" target=\"_self\"><figure><img loading=\"lazy\" decoding=\"async\" data-no-retina alt=\"Bosch Foyer Headquarter Feuerbach\" width=\"600\" height=\"400\" src=\"https:\/\/floriandobler.de\/wp-content\/plugins\/ut-portfolio\/i\/?w=600&amp;h=400&amp;c=1\" class=\"portfolio-lazy\"  data-original=\"https:\/\/floriandobler.de\/wp-content\/uploads\/2020\/03\/02_Ausstellung_BOSCH_powertrain-scaled-600x400.jpg\" \/><\/figure><div class=\"ut-hover-layer\"><div class=\"ut-portfolio-info\"><div class=\"ut-portfolio-info-c\"><h3 class=\"portfolio-title\">Bosch Foyer Headquarter Feuerbach<\/h3><span>Bewegt, Raum<\/span><\/div><\/div><\/div><\/a><\/div><\/article><article class=\"motion-filt live-filt space-filt  ut-masonry gutter gutter-1 portfolio-style-one\"><div class=\"ut-portfolio-item ut-hover\"><a class=\"ut-square \" rel=\"bookmark\" title=\"Mercedes Vision AVTR\" href=\"https:\/\/floriandobler.de\/de\/work\/avtr\/\" target=\"_self\"><figure><img loading=\"lazy\" decoding=\"async\" data-no-retina alt=\"Mercedes Vision AVTR\" width=\"600\" height=\"400\" src=\"https:\/\/floriandobler.de\/wp-content\/plugins\/ut-portfolio\/i\/?w=600&amp;h=400&amp;c=1\" class=\"portfolio-lazy\"  data-original=\"https:\/\/floriandobler.de\/wp-content\/uploads\/2020\/03\/01-600x400.jpg\" \/><\/figure><div class=\"ut-hover-layer\"><div class=\"ut-portfolio-info\"><div class=\"ut-portfolio-info-c\"><h3 class=\"portfolio-title\">Mercedes Vision AVTR<\/h3><span>Bewegt, Live, Raum<\/span><\/div><\/div><\/div><\/a><\/div><\/article><article class=\"motion-filt interactive-filt space-filt  ut-masonry gutter gutter-1 portfolio-style-one\"><div class=\"ut-portfolio-item ut-hover\"><a class=\"ut-square \" rel=\"bookmark\" title=\"James Bond \u2013\u00a0007 Elements\" href=\"https:\/\/floriandobler.de\/de\/work\/james-bond-experience\/\" target=\"_self\"><figure><img loading=\"lazy\" decoding=\"async\" data-no-retina alt=\"James Bond \u2013\u00a0007 Elements\" width=\"600\" height=\"400\" src=\"https:\/\/floriandobler.de\/wp-content\/plugins\/ut-portfolio\/i\/?w=600&amp;h=400&amp;c=1\" class=\"portfolio-lazy\"  data-original=\"https:\/\/floriandobler.de\/wp-content\/uploads\/2018\/10\/007_techlab-a_1920x1080_1500x857_acf_cropped-600x400.jpg\" \/><\/figure><div class=\"ut-hover-layer\"><div class=\"ut-portfolio-info\"><div class=\"ut-portfolio-info-c\"><h3 class=\"portfolio-title\">James Bond \u2013\u00a0007 Elements<\/h3><span>Bewegt, Interaktiv, Raum<\/span><\/div><\/div><\/div><\/a><\/div><\/article><article class=\"motion-filt interactive-filt space-filt  ut-masonry gutter gutter-1 portfolio-style-one\"><div class=\"ut-portfolio-item ut-hover\"><a class=\"ut-square \" rel=\"bookmark\" title=\"Bosch IT Campus Foyer\" href=\"https:\/\/floriandobler.de\/de\/work\/bosch-it-campus-foyer\/\" target=\"_self\"><figure><img loading=\"lazy\" decoding=\"async\" data-no-retina alt=\"Bosch IT Campus Foyer\" width=\"600\" height=\"400\" src=\"https:\/\/floriandobler.de\/wp-content\/plugins\/ut-portfolio\/i\/?w=600&amp;h=400&amp;c=1\" class=\"portfolio-lazy\"  data-original=\"https:\/\/floriandobler.de\/wp-content\/uploads\/2018\/10\/Milla_BOSCH_CI-421_neu-600x400.jpg\" \/><\/figure><div class=\"ut-hover-layer\"><div class=\"ut-portfolio-info\"><div class=\"ut-portfolio-info-c\"><h3 class=\"portfolio-title\">Bosch IT Campus Foyer<\/h3><span>Bewegt, Interaktiv, Raum<\/span><\/div><\/div><\/div><\/a><\/div><\/article><article class=\"motion-filt interactive-filt space-filt  ut-masonry gutter gutter-1 portfolio-style-one\"><div class=\"ut-portfolio-item ut-hover\"><a class=\"ut-square \" rel=\"bookmark\" title=\"Baykomm\" href=\"https:\/\/floriandobler.de\/de\/work\/bayer-baykomm\/\" target=\"_self\"><figure><img loading=\"lazy\" decoding=\"async\" data-no-retina alt=\"Baykomm\" width=\"600\" height=\"400\" src=\"https:\/\/floriandobler.de\/wp-content\/plugins\/ut-portfolio\/i\/?w=600&amp;h=400&amp;c=1\" class=\"portfolio-lazy\"  data-original=\"https:\/\/floriandobler.de\/wp-content\/uploads\/2017\/07\/Bayer_Baykomm_2016_7987-600x400.jpg\" \/><\/figure><div class=\"ut-hover-layer\"><div class=\"ut-portfolio-info\"><div class=\"ut-portfolio-info-c\"><h3 class=\"portfolio-title\">Baykomm<\/h3><span>Bewegt, Interaktiv, Raum<\/span><\/div><\/div><\/div><\/a><\/div><\/article><article class=\"motion-filt live-filt space-filt  ut-masonry gutter gutter-1 portfolio-style-one\"><div class=\"ut-portfolio-item ut-hover\"><a class=\"ut-square \" rel=\"bookmark\" title=\"Extrawelt Live\" href=\"https:\/\/floriandobler.de\/de\/work\/extrawelt-live\/\" target=\"_self\"><figure><img loading=\"lazy\" decoding=\"async\" data-no-retina alt=\"Extrawelt Live\" width=\"600\" height=\"400\" src=\"https:\/\/floriandobler.de\/wp-content\/plugins\/ut-portfolio\/i\/?w=600&amp;h=400&amp;c=1\" class=\"portfolio-lazy\"  data-original=\"https:\/\/floriandobler.de\/wp-content\/uploads\/2020\/06\/extrawelt-title-600x400.jpg\" \/><\/figure><div class=\"ut-hover-layer\"><div class=\"ut-portfolio-info\"><div class=\"ut-portfolio-info-c\"><h3 class=\"portfolio-title\">Extrawelt Live<\/h3><span>Bewegt, Live, Raum<\/span><\/div><\/div><\/div><\/a><\/div><\/article><article class=\"motion-filt interactive-filt space-filt  ut-masonry gutter gutter-1 portfolio-style-one\"><div class=\"ut-portfolio-item ut-hover\"><a class=\"ut-square \" rel=\"bookmark\" title=\"Deutscher Pavillon, Expo 2015\" href=\"https:\/\/floriandobler.de\/de\/work\/expo\/\" target=\"_self\"><figure><img loading=\"lazy\" decoding=\"async\" data-no-retina alt=\"Deutscher Pavillon, Expo 2015\" width=\"600\" height=\"400\" src=\"https:\/\/floriandobler.de\/wp-content\/plugins\/ut-portfolio\/i\/?w=600&amp;h=400&amp;c=1\" class=\"portfolio-lazy\"  data-original=\"https:\/\/floriandobler.de\/wp-content\/uploads\/2017\/01\/expo_01-600x400.jpg\" \/><\/figure><div class=\"ut-hover-layer\"><div class=\"ut-portfolio-info\"><div class=\"ut-portfolio-info-c\"><h3 class=\"portfolio-title\">Deutscher Pavillon, Expo 2015<\/h3><span>Bewegt, Interaktiv, Raum<\/span><\/div><\/div><\/div><\/a><\/div><\/article><article class=\"motion-filt  ut-masonry gutter gutter-1 portfolio-style-one\"><div class=\"ut-portfolio-item ut-hover\"><a class=\"ut-square \" rel=\"bookmark\" title=\"GT\u00dc Imagefilm\" href=\"https:\/\/floriandobler.de\/de\/work\/gtue-imagefilm\/\" target=\"_self\"><figure><img loading=\"lazy\" decoding=\"async\" data-no-retina alt=\"GT\u00dc Imagefilm\" width=\"600\" height=\"400\" src=\"https:\/\/floriandobler.de\/wp-content\/plugins\/ut-portfolio\/i\/?w=600&amp;h=400&amp;c=1\" class=\"portfolio-lazy\"  data-original=\"https:\/\/floriandobler.de\/wp-content\/uploads\/2017\/11\/Screenshot-2017-11-23-18.11.25-600x400.png\" \/><\/figure><div class=\"ut-hover-layer\"><div class=\"ut-portfolio-info\"><div class=\"ut-portfolio-info-c\"><h3 class=\"portfolio-title\">GT\u00dc Imagefilm<\/h3><span>Bewegt<\/span><\/div><\/div><\/div><\/a><\/div><\/article><article class=\"motion-filt  ut-masonry gutter gutter-1 portfolio-style-one\"><div class=\"ut-portfolio-item ut-hover\"><a class=\"ut-square \" rel=\"bookmark\" title=\"Mole\" href=\"https:\/\/floriandobler.de\/de\/work\/mole\/\" target=\"_self\"><figure><img loading=\"lazy\" decoding=\"async\" data-no-retina alt=\"Mole\" width=\"600\" height=\"400\" src=\"https:\/\/floriandobler.de\/wp-content\/plugins\/ut-portfolio\/i\/?w=600&amp;h=400&amp;c=1\" class=\"portfolio-lazy\"  data-original=\"https:\/\/floriandobler.de\/wp-content\/uploads\/2019\/04\/Screenshot-2019-04-19-11.43.07-600x400.png\" \/><\/figure><div class=\"ut-hover-layer\"><div class=\"ut-portfolio-info\"><div class=\"ut-portfolio-info-c\"><h3 class=\"portfolio-title\">Mole<\/h3><span>Bewegt<\/span><\/div><\/div><\/div><\/a><\/div><\/article><article class=\"motion-filt  ut-masonry gutter gutter-1 portfolio-style-one\"><div class=\"ut-portfolio-item ut-hover\"><a class=\"ut-square \" rel=\"bookmark\" title=\"Olic\u00eda \u2013\u00a015 Step\" href=\"https:\/\/floriandobler.de\/de\/work\/olicia-15-step\/\" target=\"_self\"><figure><img loading=\"lazy\" decoding=\"async\" data-no-retina alt=\"Olic\u00eda \u2013\u00a015 Step\" width=\"600\" height=\"400\" src=\"https:\/\/floriandobler.de\/wp-content\/plugins\/ut-portfolio\/i\/?w=600&amp;h=400&amp;c=1\" class=\"portfolio-lazy\"  data-original=\"https:\/\/floriandobler.de\/wp-content\/uploads\/2018\/10\/40685350_876772752516963_8838545591358193664_o-600x400.jpg\" \/><\/figure><div class=\"ut-hover-layer\"><div class=\"ut-portfolio-info\"><div class=\"ut-portfolio-info-c\"><h3 class=\"portfolio-title\">Olic\u00eda \u2013\u00a015 Step<\/h3><span>Bewegt<\/span><\/div><\/div><\/div><\/a><\/div><\/article><article class=\"motion-filt  ut-masonry gutter gutter-1 portfolio-style-one\"><div class=\"ut-portfolio-item ut-hover\"><a class=\"ut-square \" rel=\"bookmark\" title=\"The Sexinvaders \u2013\u00a0Sucks\" href=\"https:\/\/floriandobler.de\/de\/work\/the-sexinvaders-sucks\/\" target=\"_self\"><figure><img loading=\"lazy\" decoding=\"async\" data-no-retina alt=\"The Sexinvaders \u2013\u00a0Sucks\" width=\"600\" height=\"400\" src=\"https:\/\/floriandobler.de\/wp-content\/plugins\/ut-portfolio\/i\/?w=600&amp;h=400&amp;c=1\" class=\"portfolio-lazy\"  data-original=\"https:\/\/floriandobler.de\/wp-content\/uploads\/2017\/01\/sucks_04-600x400.jpg\" \/><\/figure><div class=\"ut-hover-layer\"><div class=\"ut-portfolio-info\"><div class=\"ut-portfolio-info-c\"><h3 class=\"portfolio-title\">The Sexinvaders \u2013\u00a0Sucks<\/h3><span>Bewegt<\/span><\/div><\/div><\/div><\/a><\/div><\/article><article class=\"motion-filt interactive-filt space-filt  ut-masonry gutter gutter-1 portfolio-style-one\"><div class=\"ut-portfolio-item ut-hover\"><a class=\"ut-square \" rel=\"bookmark\" title=\"Hager Showlabs\" href=\"https:\/\/floriandobler.de\/de\/work\/hager-showlabs\/\" target=\"_self\"><figure><img loading=\"lazy\" decoding=\"async\" data-no-retina alt=\"Hager Showlabs\" width=\"600\" height=\"400\" src=\"https:\/\/floriandobler.de\/wp-content\/plugins\/ut-portfolio\/i\/?w=600&amp;h=400&amp;c=1\" class=\"portfolio-lazy\"  data-original=\"https:\/\/floriandobler.de\/wp-content\/uploads\/2017\/01\/hager_01-600x400.jpg\" \/><\/figure><div class=\"ut-hover-layer\"><div class=\"ut-portfolio-info\"><div class=\"ut-portfolio-info-c\"><h3 class=\"portfolio-title\">Hager Showlabs<\/h3><span>Bewegt, Interaktiv, Raum<\/span><\/div><\/div><\/div><\/a><\/div><\/article><article class=\"interactive-filt live-filt space-filt  ut-masonry gutter gutter-1 portfolio-style-one\"><div class=\"ut-portfolio-item ut-hover\"><a class=\"ut-square \" rel=\"bookmark\" title=\"The Circuit\" href=\"https:\/\/floriandobler.de\/de\/work\/the-circuit\/\" target=\"_self\"><figure><img loading=\"lazy\" decoding=\"async\" data-no-retina alt=\"The Circuit\" width=\"600\" height=\"400\" src=\"https:\/\/floriandobler.de\/wp-content\/plugins\/ut-portfolio\/i\/?w=600&amp;h=400&amp;c=1\" class=\"portfolio-lazy\"  data-original=\"https:\/\/floriandobler.de\/wp-content\/uploads\/2017\/01\/Milla_CIRCUIT_003-600x400.jpg\" \/><\/figure><div class=\"ut-hover-layer\"><div class=\"ut-portfolio-info\"><div class=\"ut-portfolio-info-c\"><h3 class=\"portfolio-title\">The Circuit<\/h3><span>Interaktiv, Live, Raum<\/span><\/div><\/div><\/div><\/a><\/div><\/article><article class=\"motion-filt interactive-filt space-filt  ut-masonry gutter gutter-1 portfolio-style-one\"><div class=\"ut-portfolio-item ut-hover\"><a class=\"ut-square \" rel=\"bookmark\" title=\"Deutscher Pavillon Expo Shanghai 2010\" href=\"https:\/\/floriandobler.de\/de\/work\/deutscher-pavillon-expo-shanghai-2010\/\" target=\"_self\"><figure><img loading=\"lazy\" decoding=\"async\" data-no-retina alt=\"Deutscher Pavillon Expo Shanghai 2010\" width=\"600\" height=\"400\" src=\"https:\/\/floriandobler.de\/wp-content\/plugins\/ut-portfolio\/i\/?w=600&amp;h=400&amp;c=1\" class=\"portfolio-lazy\"  data-original=\"https:\/\/floriandobler.de\/wp-content\/uploads\/2017\/01\/balancity-600x400.jpg\" \/><\/figure><div class=\"ut-hover-layer\"><div class=\"ut-portfolio-info\"><div class=\"ut-portfolio-info-c\"><h3 class=\"portfolio-title\">Deutscher Pavillon Expo Shanghai 2010<\/h3><span>Bewegt, Interaktiv, Raum<\/span><\/div><\/div><\/div><\/a><\/div><\/article><article class=\"motion-filt space-filt  ut-masonry gutter gutter-1 portfolio-style-one\"><div class=\"ut-portfolio-item ut-hover\"><a class=\"ut-square \" rel=\"bookmark\" title=\"Carl Zeiss Stiftung\" href=\"https:\/\/floriandobler.de\/de\/work\/carl-zeiss-stiftung\/\" target=\"_self\"><figure><img loading=\"lazy\" decoding=\"async\" data-no-retina alt=\"Carl Zeiss Stiftung\" width=\"600\" height=\"400\" src=\"https:\/\/floriandobler.de\/wp-content\/plugins\/ut-portfolio\/i\/?w=600&amp;h=400&amp;c=1\" class=\"portfolio-lazy\"  data-original=\"https:\/\/floriandobler.de\/wp-content\/uploads\/2017\/01\/125J_Carl_Zeiss_Stiftung_2014_22_gerade-600x400.jpg\" \/><\/figure><div class=\"ut-hover-layer\"><div class=\"ut-portfolio-info\"><div class=\"ut-portfolio-info-c\"><h3 class=\"portfolio-title\">Carl Zeiss Stiftung<\/h3><span>Bewegt, Raum<\/span><\/div><\/div><\/div><\/a><\/div><\/article><\/div><\/div>\n","protected":false},"excerpt":{"rendered":"[vc_row][vc_column]Carl Zeiss StiftungMediale Rauminszenierung beim Festakt zum 125. Jubil\u00e4um [\/vc_column][\/vc_row][vc_row][vc_column width=\"1\/2\"][vc_single_image image=\"131\" img_size=\"large\"][\/vc_column][vc_column width=\"1\/2\"][vc_column_text]Zwei \u00fcber zwanzig Meter lange halbtransparente LED-W\u00e4nde und eine zentrale halbrunde Projektionsfl\u00e4che. Sie bildeten die B\u00fchne f\u00fcr einen siebenmin\u00fctigen filmischen R\u00fcckblick auf die bewegte Stiftungsgeschichte. F\u00fcr die Animation wurde Archivmaterial verarbeitet, wobei kaum Videomaterial vorhanden war, weshalb haupts\u00e4chlich Fotografien verarbeitet wurden. Die\u00a0teils [...]","protected":false},"author":3,"featured_media":0,"parent":0,"menu_order":0,"comment_status":"closed","ping_status":"closed","template":"","meta":{"footnotes":""},"class_list":["post-234","page","type-page","status-publish","hentry"],"_links":{"self":[{"href":"https:\/\/floriandobler.de\/de\/wp-json\/wp\/v2\/pages\/234","targetHints":{"allow":["GET"]}}],"collection":[{"href":"https:\/\/floriandobler.de\/de\/wp-json\/wp\/v2\/pages"}],"about":[{"href":"https:\/\/floriandobler.de\/de\/wp-json\/wp\/v2\/types\/page"}],"author":[{"embeddable":true,"href":"https:\/\/floriandobler.de\/de\/wp-json\/wp\/v2\/users\/3"}],"replies":[{"embeddable":true,"href":"https:\/\/floriandobler.de\/de\/wp-json\/wp\/v2\/comments?post=234"}],"version-history":[{"count":2,"href":"https:\/\/floriandobler.de\/de\/wp-json\/wp\/v2\/pages\/234\/revisions"}],"predecessor-version":[{"id":364,"href":"https:\/\/floriandobler.de\/de\/wp-json\/wp\/v2\/pages\/234\/revisions\/364"}],"wp:attachment":[{"href":"https:\/\/floriandobler.de\/de\/wp-json\/wp\/v2\/media?parent=234"}],"curies":[{"name":"wp","href":"https:\/\/api.w.org\/{rel}","templated":true}]}}